{"id":149,"date":"2025-09-08T20:23:07","date_gmt":"2025-09-08T18:23:07","guid":{"rendered":"http:\/\/lama3d.com\/?page_id=149"},"modified":"2025-09-21T21:25:38","modified_gmt":"2025-09-21T19:25:38","slug":"o-nas","status":"publish","type":"page","link":"https:\/\/lama3d.com\/en\/o-nas\/","title":{"rendered":"About us"},"content":{"rendered":"<div data-elementor-type=\"wp-page\" data-elementor-id=\"149\" class=\"elementor elementor-149\" data-elementor-post-type=\"page\">\n\t\t\t\t<div class=\"elementor-element elementor-element-9525cac e-flex e-con-boxed e-con e-parent\" data-id=\"9525cac\" data-element_type=\"container\">\n\t\t\t\t\t<div class=\"e-con-inner\">\n\t\t\t\t<div class=\"elementor-element elementor-element-9b498e8 elementor-widget elementor-widget-spacer\" data-id=\"9b498e8\" data-element_type=\"widget\" data-widget_type=\"spacer.default\">\n\t\t\t\t\t\t\t<div class=\"elementor-spacer\">\n\t\t\t<div class=\"elementor-spacer-inner\"><\/div>\n\t\t<\/div>\n\t\t\t\t\t\t<\/div>\n\t\t\t\t\t<\/div>\n\t\t\t\t<\/div>\n\t\t<div class=\"elementor-element elementor-element-21f6a5a e-con-full e-flex e-con e-parent\" data-id=\"21f6a5a\" data-element_type=\"container\" data-settings=\"{&quot;background_background&quot;:&quot;classic&quot;}\">\n\t\t<div class=\"elementor-element elementor-element-b3e0238 e-con-full e-flex e-con e-child\" data-id=\"b3e0238\" data-element_type=\"container\">\n\t\t\t\t<div class=\"elementor-element elementor-element-2fc61f0 elementor-widget elementor-widget-image\" data-id=\"2fc61f0\" data-element_type=\"widget\" data-widget_type=\"image.default\">\n\t\t\t\t\t\t\t\t\t\t\t\t\t\t\t<img fetchpriority=\"high\" decoding=\"async\" width=\"800\" height=\"800\" src=\"https:\/\/lama3d.com\/wp-content\/uploads\/2025\/09\/biuro_proj.jpg\" class=\"attachment-large size-large wp-image-863\" alt=\"\" srcset=\"https:\/\/lama3d.com\/wp-content\/uploads\/2025\/09\/biuro_proj.jpg 957w, https:\/\/lama3d.com\/wp-content\/uploads\/2025\/09\/biuro_proj-300x300.jpg 300w, https:\/\/lama3d.com\/wp-content\/uploads\/2025\/09\/biuro_proj-100x100.jpg 100w, https:\/\/lama3d.com\/wp-content\/uploads\/2025\/09\/biuro_proj-600x600.jpg 600w, https:\/\/lama3d.com\/wp-content\/uploads\/2025\/09\/biuro_proj-150x150.jpg 150w, https:\/\/lama3d.com\/wp-content\/uploads\/2025\/09\/biuro_proj-768x768.jpg 768w\" sizes=\"(max-width: 800px) 100vw, 800px\" \/>\t\t\t\t\t\t\t\t\t\t\t\t\t\t\t<\/div>\n\t\t\t\t<\/div>\n\t\t<div class=\"elementor-element elementor-element-6a083ac e-con-full e-flex e-con e-child\" data-id=\"6a083ac\" data-element_type=\"container\">\n\t\t\t\t<div class=\"elementor-element elementor-element-8727e23 elementor-mobile-align-center elementor-widget-mobile__width-inherit elementor-widget elementor-widget-breadcrumbs\" data-id=\"8727e23\" data-element_type=\"widget\" data-widget_type=\"breadcrumbs.default\">\n\t\t\t\t\t<p id=\"breadcrumbs\"><span><span><a href=\"https:\/\/lama3d.com\/en\/\">Home<\/a><\/span><\/span><\/p>\t\t\t\t<\/div>\n\t\t\t\t<div class=\"elementor-element elementor-element-750c634 animated-slow elementor-widget elementor-widget-heading\" data-id=\"750c634\" data-element_type=\"widget\" data-settings=\"{&quot;_animation&quot;:&quot;none&quot;}\" data-widget_type=\"heading.default\">\n\t\t\t\t\t<h1 class=\"elementor-heading-title elementor-size-default\">3D design agency for the furniture industry<\/h1>\t\t\t\t<\/div>\n\t\t\t\t<div class=\"elementor-element elementor-element-0cc0e93 elementor-widget elementor-widget-text-editor\" data-id=\"0cc0e93\" data-element_type=\"widget\" data-widget_type=\"text-editor.default\">\n\t\t\t\t\t\t\t\t\t<p>We specialize in <strong>professional 3D modeling and creating photorealistic visualizations for the furniture industry<\/strong>. Based on your technical drawings, photos, or sketches, we build precise, three-dimensional digital product models. We place the finished models in a virtual studio or carefully arranged interiors, creating photo-quality renders that fully replace traditional, expensive photo shoots.<\/p><p>As a specialized studio from Poland, we combine technical skills with an understanding of marketing and aesthetics in the furniture industry. Our goal is to provide you with ready-to-use materials - from individual packshots on a white background and visualizations in arrangements to product animations - that effectively support sales and build a prestigious brand image. We operate on time and see ourselves as a partner in achieving your business goals.<\/p>\t\t\t\t\t\t\t\t<\/div>\n\t\t\t\t<\/div>\n\t\t\t\t<\/div>\n\t\t<div class=\"elementor-element elementor-element-bf989be e-flex e-con-boxed e-con e-parent\" data-id=\"bf989be\" data-element_type=\"container\">\n\t\t\t\t\t<div class=\"e-con-inner\">\n\t\t\t\t<div class=\"elementor-element elementor-element-7f612ba elementor-widget elementor-widget-spacer\" data-id=\"7f612ba\" data-element_type=\"widget\" data-widget_type=\"spacer.default\">\n\t\t\t\t\t\t\t<div class=\"elementor-spacer\">\n\t\t\t<div class=\"elementor-spacer-inner\"><\/div>\n\t\t<\/div>\n\t\t\t\t\t\t<\/div>\n\t\t\t\t\t<\/div>\n\t\t\t\t<\/div>\n\t\t<div class=\"elementor-element elementor-element-a36e6fe e-con-full e-flex e-con e-parent\" data-id=\"a36e6fe\" data-element_type=\"container\" data-settings=\"{&quot;background_background&quot;:&quot;classic&quot;}\">\n\t\t\t\t<div class=\"elementor-element elementor-element-8bbf6c4 animated-slow elementor-widget elementor-widget-heading\" data-id=\"8bbf6c4\" data-element_type=\"widget\" data-settings=\"{&quot;_animation&quot;:&quot;none&quot;}\" data-widget_type=\"heading.default\">\n\t\t\t\t\t<h2 class=\"elementor-heading-title elementor-size-default\">Why choose us?<\/h2>\t\t\t\t<\/div>\n\t\t\t\t<\/div>\n\t\t<div class=\"elementor-element elementor-element-57d403f e-con-full e-flex e-con e-parent\" data-id=\"57d403f\" data-element_type=\"container\" data-settings=\"{&quot;background_background&quot;:&quot;classic&quot;}\">\n\t\t\t\t<div class=\"elementor-element elementor-element-302406e elementor-widget__width-initial elementor-position-top elementor-widget elementor-widget-image-box\" data-id=\"302406e\" data-element_type=\"widget\" data-widget_type=\"image-box.default\">\n\t\t\t\t\t<div class=\"elementor-image-box-wrapper\"><figure class=\"elementor-image-box-img\"><img decoding=\"async\" width=\"2560\" height=\"2560\" src=\"https:\/\/lama3d.com\/wp-content\/uploads\/2025\/09\/piccolo_side2_rabitt-scaled.jpg\" class=\"attachment-full size-full wp-image-426\" alt=\"\" srcset=\"https:\/\/lama3d.com\/wp-content\/uploads\/2025\/09\/piccolo_side2_rabitt-scaled.jpg 2560w, https:\/\/lama3d.com\/wp-content\/uploads\/2025\/09\/piccolo_side2_rabitt-300x300.jpg 300w, https:\/\/lama3d.com\/wp-content\/uploads\/2025\/09\/piccolo_side2_rabitt-scaled-100x100.jpg 100w, https:\/\/lama3d.com\/wp-content\/uploads\/2025\/09\/piccolo_side2_rabitt-scaled-600x600.jpg 600w, https:\/\/lama3d.com\/wp-content\/uploads\/2025\/09\/piccolo_side2_rabitt-1024x1024.jpg 1024w, https:\/\/lama3d.com\/wp-content\/uploads\/2025\/09\/piccolo_side2_rabitt-150x150.jpg 150w, https:\/\/lama3d.com\/wp-content\/uploads\/2025\/09\/piccolo_side2_rabitt-768x768.jpg 768w, https:\/\/lama3d.com\/wp-content\/uploads\/2025\/09\/piccolo_side2_rabitt-1536x1536.jpg 1536w, https:\/\/lama3d.com\/wp-content\/uploads\/2025\/09\/piccolo_side2_rabitt-2048x2048.jpg 2048w\" sizes=\"(max-width: 2560px) 100vw, 2560px\" \/><\/figure><div class=\"elementor-image-box-content\"><h3 class=\"elementor-image-box-title\">REALISM<\/h3><p class=\"elementor-image-box-description\">Our visualizations are digital photographs. We create images that perfectly mimic reality, focusing on every aspect of photorealism - from natural lighting and advanced materials to the smallest imperfections.<\/p><\/div><\/div>\t\t\t\t<\/div>\n\t\t\t\t<div class=\"elementor-element elementor-element-3d8efe8 elementor-widget__width-initial elementor-position-top elementor-widget elementor-widget-image-box\" data-id=\"3d8efe8\" data-element_type=\"widget\" data-widget_type=\"image-box.default\">\n\t\t\t\t\t<div class=\"elementor-image-box-wrapper\"><figure class=\"elementor-image-box-img\"><img decoding=\"async\" width=\"2560\" height=\"2560\" src=\"https:\/\/lama3d.com\/wp-content\/uploads\/2025\/09\/fotel_detal.jpeg\" class=\"attachment-full size-full wp-image-859\" alt=\"\" srcset=\"https:\/\/lama3d.com\/wp-content\/uploads\/2025\/09\/fotel_detal.jpeg 2560w, https:\/\/lama3d.com\/wp-content\/uploads\/2025\/09\/fotel_detal-300x300.jpeg 300w, https:\/\/lama3d.com\/wp-content\/uploads\/2025\/09\/fotel_detal-100x100.jpeg 100w, https:\/\/lama3d.com\/wp-content\/uploads\/2025\/09\/fotel_detal-600x600.jpeg 600w, https:\/\/lama3d.com\/wp-content\/uploads\/2025\/09\/fotel_detal-1024x1024.jpeg 1024w, https:\/\/lama3d.com\/wp-content\/uploads\/2025\/09\/fotel_detal-150x150.jpeg 150w, https:\/\/lama3d.com\/wp-content\/uploads\/2025\/09\/fotel_detal-768x768.jpeg 768w, https:\/\/lama3d.com\/wp-content\/uploads\/2025\/09\/fotel_detal-1536x1536.jpeg 1536w, https:\/\/lama3d.com\/wp-content\/uploads\/2025\/09\/fotel_detal-2048x2048.jpeg 2048w\" sizes=\"(max-width: 2560px) 100vw, 2560px\" \/><\/figure><div class=\"elementor-image-box-content\"><h3 class=\"elementor-image-box-title\">DETAIL<\/h3><p class=\"elementor-image-box-description\">True quality lies in the details. With craftsman-like precision, we recreate every element of a product: the perfect flow of seams, unique wood grain, or the subtle texture of a fabric. It is these details that make the illusion complete.<\/p><\/div><\/div>\t\t\t\t<\/div>\n\t\t\t\t<div class=\"elementor-element elementor-element-89c5358 elementor-widget__width-initial elementor-position-top elementor-widget elementor-widget-image-box\" data-id=\"89c5358\" data-element_type=\"widget\" data-widget_type=\"image-box.default\">\n\t\t\t\t\t<div class=\"elementor-image-box-wrapper\"><figure class=\"elementor-image-box-img\"><img loading=\"lazy\" decoding=\"async\" width=\"1024\" height=\"1024\" src=\"https:\/\/lama3d.com\/wp-content\/uploads\/2025\/09\/output-0-8-2.jpg\" class=\"attachment-full size-full wp-image-855\" alt=\"\" srcset=\"https:\/\/lama3d.com\/wp-content\/uploads\/2025\/09\/output-0-8-2.jpg 1024w, https:\/\/lama3d.com\/wp-content\/uploads\/2025\/09\/output-0-8-2-300x300.jpg 300w, https:\/\/lama3d.com\/wp-content\/uploads\/2025\/09\/output-0-8-2-100x100.jpg 100w, https:\/\/lama3d.com\/wp-content\/uploads\/2025\/09\/output-0-8-2-600x600.jpg 600w, https:\/\/lama3d.com\/wp-content\/uploads\/2025\/09\/output-0-8-2-150x150.jpg 150w, https:\/\/lama3d.com\/wp-content\/uploads\/2025\/09\/output-0-8-2-768x768.jpg 768w\" sizes=\"(max-width: 1024px) 100vw, 1024px\" \/><\/figure><div class=\"elementor-image-box-content\"><h3 class=\"elementor-image-box-title\">ARRANGEMENT<\/h3><p class=\"elementor-image-box-description\">The product is the hero, but the story happens around it. We design trendy and inspiring interiors by following the latest design trends. This allows us to create an attractive and up-to-date setting that showcases the full potential of your furniture.<\/p><\/div><\/div>\t\t\t\t<\/div>\n\t\t\t\t<\/div>\n\t\t<div class=\"elementor-element elementor-element-fe5d4d7 e-flex e-con-boxed e-con e-parent\" data-id=\"fe5d4d7\" data-element_type=\"container\">\n\t\t\t\t\t<div class=\"e-con-inner\">\n\t\t\t\t<div class=\"elementor-element elementor-element-9d1222d elementor-widget elementor-widget-spacer\" data-id=\"9d1222d\" data-element_type=\"widget\" data-widget_type=\"spacer.default\">\n\t\t\t\t\t\t\t<div class=\"elementor-spacer\">\n\t\t\t<div class=\"elementor-spacer-inner\"><\/div>\n\t\t<\/div>\n\t\t\t\t\t\t<\/div>\n\t\t\t\t\t<\/div>\n\t\t\t\t<\/div>\n\t\t<div class=\"elementor-element elementor-element-15b84d3 e-con-full e-flex e-con e-parent\" data-id=\"15b84d3\" data-element_type=\"container\">\n\t\t<div class=\"elementor-element elementor-element-d0cd935 e-con-full e-flex e-con e-child\" data-id=\"d0cd935\" data-element_type=\"container\" data-settings=\"{&quot;background_background&quot;:&quot;classic&quot;}\">\n\t\t\t\t<\/div>\n\t\t<div class=\"elementor-element elementor-element-1ba71f7 e-con-full e-flex e-con e-child\" data-id=\"1ba71f7\" data-element_type=\"container\" data-settings=\"{&quot;background_background&quot;:&quot;classic&quot;}\">\n\t\t\t\t<div class=\"elementor-element elementor-element-b24856b elementor-widget elementor-widget-heading\" data-id=\"b24856b\" data-element_type=\"widget\" data-widget_type=\"heading.default\">\n\t\t\t\t\t<h2 class=\"elementor-heading-title elementor-size-default\">Have any questions?<\/h2>\t\t\t\t<\/div>\n\t\t\t\t<div class=\"elementor-element elementor-element-520e88c elementor-widget elementor-widget-text-editor\" data-id=\"520e88c\" data-element_type=\"widget\" data-widget_type=\"text-editor.default\">\n\t\t\t\t\t\t\t\t\t<p>Need more information or a custom quote? We are here to help. Feel free to write or call us.<\/p>\t\t\t\t\t\t\t\t<\/div>\n\t\t\t\t<div class=\"elementor-element elementor-element-bf9eefb elementor-mobile-align-center elementor-widget elementor-widget-button\" data-id=\"bf9eefb\" data-element_type=\"widget\" data-widget_type=\"button.default\">\n\t\t\t\t\t\t\t\t\t\t<a class=\"elementor-button elementor-button-link elementor-size-sm\" href=\"mailto:kontakt@lama3d.com\">\n\t\t\t\t\t\t<span class=\"elementor-button-content-wrapper\">\n\t\t\t\t\t\t\t\t\t<span class=\"elementor-button-text\">kontakt@lama3d.com<\/span>\n\t\t\t\t\t<\/span>\n\t\t\t\t\t<\/a>\n\t\t\t\t\t\t\t\t<\/div>\n\t\t\t\t<div class=\"elementor-element elementor-element-839c8f8 elementor-mobile-align-center elementor-widget elementor-widget-button\" data-id=\"839c8f8\" data-element_type=\"widget\" data-widget_type=\"button.default\">\n\t\t\t\t\t\t\t\t\t\t<a class=\"elementor-button elementor-button-link elementor-size-sm\" href=\"tel:+48512103581\">\n\t\t\t\t\t\t<span class=\"elementor-button-content-wrapper\">\n\t\t\t\t\t\t\t\t\t<span class=\"elementor-button-text\">+48 512 103 581<\/span>\n\t\t\t\t\t<\/span>\n\t\t\t\t\t<\/a>\n\t\t\t\t\t\t\t\t<\/div>\n\t\t\t\t<\/div>\n\t\t\t\t<\/div>\n\t\t<div class=\"elementor-element elementor-element-f5d4640 e-flex e-con-boxed e-con e-parent\" data-id=\"f5d4640\" data-element_type=\"container\">\n\t\t\t\t\t<div class=\"e-con-inner\">\n\t\t\t\t<div class=\"elementor-element elementor-element-10570e2 elementor-widget elementor-widget-spacer\" data-id=\"10570e2\" data-element_type=\"widget\" data-widget_type=\"spacer.default\">\n\t\t\t\t\t\t\t<div class=\"elementor-spacer\">\n\t\t\t<div class=\"elementor-spacer-inner\"><\/div>\n\t\t<\/div>\n\t\t\t\t\t\t<\/div>\n\t\t\t\t\t<\/div>\n\t\t\t\t<\/div>\n\t\t\t\t<\/div>","protected":false},"excerpt":{"rendered":"<p>Biuro projektowe 3D dla bran\u017cy meblarskiej Zajmujemy si\u0119 profesjonalnym modelowaniem 3D i tworzeniem fotorealistycznych wizualizacji dla bran\u017cy meblarskiej. Na podstawie Pa\u0144stwa rysunk\u00f3w technicznych, zdj\u0119\u0107 lub szkic\u00f3w budujemy precyzyjne, tr\u00f3jwymiarowe modele cyfrowe produkt\u00f3w. Gotowe modele umieszczamy w wirtualnym studio lub w starannie zaaran\u017cowanych wn\u0119trzach, tworz\u0105c rendery o jako\u015bci fotograficznej, kt\u00f3re w pe\u0142ni zast\u0119puj\u0105 tradycyjn\u0105, kosztown\u0105 sesj\u0119 [&hellip;]<\/p>","protected":false},"author":1,"featured_media":0,"parent":0,"menu_order":0,"comment_status":"closed","ping_status":"closed","template":"","meta":{"footnotes":""},"class_list":["post-149","page","type-page","status-publish","hentry"],"yoast_head":"<!-- This site is optimized with the Yoast SEO plugin v25.9 - https:\/\/yoast.com\/wordpress\/plugins\/seo\/ -->\n<title>O nas - Studio 3D dla bran\u017cy meblarskiej | Wizualizacje Mebli 3D<\/title>\n<meta name=\"description\" content=\"Jeste\u015bmy ekspertami od modelowania 3D i wizualizacji mebli. Poznaj filozofi\u0119 naszej pracy, zesp\u00f3\u0142 i proces tworzenia fotorealistycznych materia\u0142\u00f3w marketingowych.\" \/>\n<meta name=\"robots\" content=\"index, follow, max-snippet:-1, max-image-preview:large, max-video-preview:-1\" \/>\n<link rel=\"canonical\" href=\"https:\/\/lama3d.com\/en\/o-nas\/\" \/>\n<meta property=\"og:locale\" content=\"en_US\" \/>\n<meta property=\"og:type\" content=\"article\" \/>\n<meta property=\"og:title\" content=\"O nas - Studio 3D dla bran\u017cy meblarskiej | Wizualizacje Mebli 3D\" \/>\n<meta property=\"og:description\" content=\"Jeste\u015bmy ekspertami od modelowania 3D i wizualizacji mebli. Poznaj filozofi\u0119 naszej pracy, zesp\u00f3\u0142 i proces tworzenia fotorealistycznych materia\u0142\u00f3w marketingowych.\" \/>\n<meta property=\"og:url\" content=\"https:\/\/lama3d.com\/en\/o-nas\/\" \/>\n<meta property=\"og:site_name\" content=\"Lama3d\" \/>\n<meta property=\"article:modified_time\" content=\"2025-09-21T19:25:38+00:00\" \/>\n<meta property=\"og:image\" content=\"https:\/\/lama3d.com\/wp-content\/uploads\/2025\/09\/biuro_proj.jpg\" \/>\n<meta name=\"twitter:card\" content=\"summary_large_image\" \/>\n<meta name=\"twitter:label1\" content=\"Est. reading time\" \/>\n\t<meta name=\"twitter:data1\" content=\"2 minutes\" \/>\n<script type=\"application\/ld+json\" class=\"yoast-schema-graph\">{\"@context\":\"https:\/\/schema.org\",\"@graph\":[{\"@type\":\"WebPage\",\"@id\":\"https:\/\/lama3d.com\/o-nas\/\",\"url\":\"https:\/\/lama3d.com\/o-nas\/\",\"name\":\"O nas - Studio 3D dla bran\u017cy meblarskiej | Wizualizacje Mebli 3D\",\"isPartOf\":{\"@id\":\"https:\/\/lama3d.com\/#website\"},\"primaryImageOfPage\":{\"@id\":\"https:\/\/lama3d.com\/o-nas\/#primaryimage\"},\"image\":{\"@id\":\"https:\/\/lama3d.com\/o-nas\/#primaryimage\"},\"thumbnailUrl\":\"https:\/\/lama3d.com\/wp-content\/uploads\/2025\/09\/biuro_proj.jpg\",\"datePublished\":\"2025-09-08T18:23:07+00:00\",\"dateModified\":\"2025-09-21T19:25:38+00:00\",\"description\":\"Jeste\u015bmy ekspertami od modelowania 3D i wizualizacji mebli. Poznaj filozofi\u0119 naszej pracy, zesp\u00f3\u0142 i proces tworzenia fotorealistycznych materia\u0142\u00f3w marketingowych.\",\"breadcrumb\":{\"@id\":\"https:\/\/lama3d.com\/o-nas\/#breadcrumb\"},\"inLanguage\":\"en-US\",\"potentialAction\":[{\"@type\":\"ReadAction\",\"target\":[\"https:\/\/lama3d.com\/o-nas\/\"]}]},{\"@type\":\"ImageObject\",\"inLanguage\":\"en-US\",\"@id\":\"https:\/\/lama3d.com\/o-nas\/#primaryimage\",\"url\":\"https:\/\/lama3d.com\/wp-content\/uploads\/2025\/09\/biuro_proj.jpg\",\"contentUrl\":\"https:\/\/lama3d.com\/wp-content\/uploads\/2025\/09\/biuro_proj.jpg\"},{\"@type\":\"BreadcrumbList\",\"@id\":\"https:\/\/lama3d.com\/o-nas\/#breadcrumb\",\"itemListElement\":[{\"@type\":\"ListItem\",\"position\":1,\"name\":\"Strona g\u0142\u00f3wna\",\"item\":\"https:\/\/lama3d.com\/\"},{\"@type\":\"ListItem\",\"position\":2,\"name\":\"O nas\"}]},{\"@type\":\"WebSite\",\"@id\":\"https:\/\/lama3d.com\/#website\",\"url\":\"https:\/\/lama3d.com\/\",\"name\":\"Lama3d\",\"description\":\"\",\"publisher\":{\"@id\":\"https:\/\/lama3d.com\/#organization\"},\"potentialAction\":[{\"@type\":\"SearchAction\",\"target\":{\"@type\":\"EntryPoint\",\"urlTemplate\":\"https:\/\/lama3d.com\/?s={search_term_string}\"},\"query-input\":{\"@type\":\"PropertyValueSpecification\",\"valueRequired\":true,\"valueName\":\"search_term_string\"}}],\"inLanguage\":\"en-US\"},{\"@type\":\"Organization\",\"@id\":\"https:\/\/lama3d.com\/#organization\",\"name\":\"Lama3d\",\"url\":\"https:\/\/lama3d.com\/\",\"logo\":{\"@type\":\"ImageObject\",\"inLanguage\":\"en-US\",\"@id\":\"https:\/\/lama3d.com\/#\/schema\/logo\/image\/\",\"url\":\"https:\/\/lama3d.com\/wp-content\/uploads\/2025\/07\/lama3d_new.png\",\"contentUrl\":\"https:\/\/lama3d.com\/wp-content\/uploads\/2025\/07\/lama3d_new.png\",\"width\":593,\"height\":117,\"caption\":\"Lama3d\"},\"image\":{\"@id\":\"https:\/\/lama3d.com\/#\/schema\/logo\/image\/\"}}]}<\/script>\n<!-- \/ Yoast SEO plugin. -->","yoast_head_json":{"title":"O nas - Studio 3D dla bran\u017cy meblarskiej | Wizualizacje Mebli 3D","description":"Jeste\u015bmy ekspertami od modelowania 3D i wizualizacji mebli. Poznaj filozofi\u0119 naszej pracy, zesp\u00f3\u0142 i proces tworzenia fotorealistycznych materia\u0142\u00f3w marketingowych.","robots":{"index":"index","follow":"follow","max-snippet":"max-snippet:-1","max-image-preview":"max-image-preview:large","max-video-preview":"max-video-preview:-1"},"canonical":"https:\/\/lama3d.com\/en\/o-nas\/","og_locale":"en_US","og_type":"article","og_title":"O nas - Studio 3D dla bran\u017cy meblarskiej | Wizualizacje Mebli 3D","og_description":"Jeste\u015bmy ekspertami od modelowania 3D i wizualizacji mebli. Poznaj filozofi\u0119 naszej pracy, zesp\u00f3\u0142 i proces tworzenia fotorealistycznych materia\u0142\u00f3w marketingowych.","og_url":"https:\/\/lama3d.com\/en\/o-nas\/","og_site_name":"Lama3d","article_modified_time":"2025-09-21T19:25:38+00:00","og_image":[{"url":"https:\/\/lama3d.com\/wp-content\/uploads\/2025\/09\/biuro_proj.jpg","type":"","width":"","height":""}],"twitter_card":"summary_large_image","twitter_misc":{"Est. reading time":"2 minutes"},"schema":{"@context":"https:\/\/schema.org","@graph":[{"@type":"WebPage","@id":"https:\/\/lama3d.com\/o-nas\/","url":"https:\/\/lama3d.com\/o-nas\/","name":"O nas - Studio 3D dla bran\u017cy meblarskiej | Wizualizacje Mebli 3D","isPartOf":{"@id":"https:\/\/lama3d.com\/#website"},"primaryImageOfPage":{"@id":"https:\/\/lama3d.com\/o-nas\/#primaryimage"},"image":{"@id":"https:\/\/lama3d.com\/o-nas\/#primaryimage"},"thumbnailUrl":"https:\/\/lama3d.com\/wp-content\/uploads\/2025\/09\/biuro_proj.jpg","datePublished":"2025-09-08T18:23:07+00:00","dateModified":"2025-09-21T19:25:38+00:00","description":"Jeste\u015bmy ekspertami od modelowania 3D i wizualizacji mebli. Poznaj filozofi\u0119 naszej pracy, zesp\u00f3\u0142 i proces tworzenia fotorealistycznych materia\u0142\u00f3w marketingowych.","breadcrumb":{"@id":"https:\/\/lama3d.com\/o-nas\/#breadcrumb"},"inLanguage":"en-US","potentialAction":[{"@type":"ReadAction","target":["https:\/\/lama3d.com\/o-nas\/"]}]},{"@type":"ImageObject","inLanguage":"en-US","@id":"https:\/\/lama3d.com\/o-nas\/#primaryimage","url":"https:\/\/lama3d.com\/wp-content\/uploads\/2025\/09\/biuro_proj.jpg","contentUrl":"https:\/\/lama3d.com\/wp-content\/uploads\/2025\/09\/biuro_proj.jpg"},{"@type":"BreadcrumbList","@id":"https:\/\/lama3d.com\/o-nas\/#breadcrumb","itemListElement":[{"@type":"ListItem","position":1,"name":"Strona g\u0142\u00f3wna","item":"https:\/\/lama3d.com\/"},{"@type":"ListItem","position":2,"name":"O nas"}]},{"@type":"WebSite","@id":"https:\/\/lama3d.com\/#website","url":"https:\/\/lama3d.com\/","name":"Lama3d","description":"","publisher":{"@id":"https:\/\/lama3d.com\/#organization"},"potentialAction":[{"@type":"SearchAction","target":{"@type":"EntryPoint","urlTemplate":"https:\/\/lama3d.com\/?s={search_term_string}"},"query-input":{"@type":"PropertyValueSpecification","valueRequired":true,"valueName":"search_term_string"}}],"inLanguage":"en-US"},{"@type":"Organization","@id":"https:\/\/lama3d.com\/#organization","name":"Lama3d","url":"https:\/\/lama3d.com\/","logo":{"@type":"ImageObject","inLanguage":"en-US","@id":"https:\/\/lama3d.com\/#\/schema\/logo\/image\/","url":"https:\/\/lama3d.com\/wp-content\/uploads\/2025\/07\/lama3d_new.png","contentUrl":"https:\/\/lama3d.com\/wp-content\/uploads\/2025\/07\/lama3d_new.png","width":593,"height":117,"caption":"Lama3d"},"image":{"@id":"https:\/\/lama3d.com\/#\/schema\/logo\/image\/"}}]}},"_links":{"self":[{"href":"https:\/\/lama3d.com\/en\/wp-json\/wp\/v2\/pages\/149","targetHints":{"allow":["GET"]}}],"collection":[{"href":"https:\/\/lama3d.com\/en\/wp-json\/wp\/v2\/pages"}],"about":[{"href":"https:\/\/lama3d.com\/en\/wp-json\/wp\/v2\/types\/page"}],"author":[{"embeddable":true,"href":"https:\/\/lama3d.com\/en\/wp-json\/wp\/v2\/users\/1"}],"replies":[{"embeddable":true,"href":"https:\/\/lama3d.com\/en\/wp-json\/wp\/v2\/comments?post=149"}],"version-history":[{"count":34,"href":"https:\/\/lama3d.com\/en\/wp-json\/wp\/v2\/pages\/149\/revisions"}],"predecessor-version":[{"id":866,"href":"https:\/\/lama3d.com\/en\/wp-json\/wp\/v2\/pages\/149\/revisions\/866"}],"wp:attachment":[{"href":"https:\/\/lama3d.com\/en\/wp-json\/wp\/v2\/media?parent=149"}],"curies":[{"name":"wp","href":"https:\/\/api.w.org\/{rel}","templated":true}]}}