{"id":881,"date":"2025-09-24T20:35:56","date_gmt":"2025-09-24T18:35:56","guid":{"rendered":"https:\/\/lama3d.com\/?page_id=881"},"modified":"2025-09-24T20:45:13","modified_gmt":"2025-09-24T18:45:13","slug":"oferta","status":"publish","type":"page","link":"https:\/\/lama3d.com\/en\/oferta\/","title":{"rendered":"Offer"},"content":{"rendered":"<div data-elementor-type=\"wp-page\" data-elementor-id=\"881\" class=\"elementor elementor-881\" data-elementor-post-type=\"page\">\n\t\t\t\t<div class=\"elementor-element elementor-element-b69db28 e-flex e-con-boxed e-con e-parent\" data-id=\"b69db28\" data-element_type=\"container\">\n\t\t\t\t\t<div class=\"e-con-inner\">\n\t\t\t\t<div class=\"elementor-element elementor-element-3d4a2bb elementor-widget elementor-widget-spacer\" data-id=\"3d4a2bb\" data-element_type=\"widget\" data-widget_type=\"spacer.default\">\n\t\t\t\t\t\t\t<div class=\"elementor-spacer\">\n\t\t\t<div class=\"elementor-spacer-inner\"><\/div>\n\t\t<\/div>\n\t\t\t\t\t\t<\/div>\n\t\t\t\t\t<\/div>\n\t\t\t\t<\/div>\n\t\t<div class=\"elementor-element elementor-element-11ec824 e-con-full e-flex e-con e-parent\" data-id=\"11ec824\" data-element_type=\"container\" data-settings=\"{&quot;background_background&quot;:&quot;classic&quot;}\">\n\t\t<div class=\"elementor-element elementor-element-9513fb4 e-con-full e-flex e-con e-child\" data-id=\"9513fb4\" data-element_type=\"container\">\n\t\t\t\t<div class=\"elementor-element elementor-element-e5b8ddf elementor-widget elementor-widget-breadcrumbs\" data-id=\"e5b8ddf\" data-element_type=\"widget\" data-widget_type=\"breadcrumbs.default\">\n\t\t\t\t\t<p id=\"breadcrumbs\"><span><span><a href=\"https:\/\/lama3d.com\/en\/\">Home<\/a><\/span><\/span><\/p>\t\t\t\t<\/div>\n\t\t\t\t<div class=\"elementor-element elementor-element-cc7eab7 animated-slow elementor-widget elementor-widget-heading\" data-id=\"cc7eab7\" data-element_type=\"widget\" data-settings=\"{&quot;_animation&quot;:&quot;none&quot;}\" data-widget_type=\"heading.default\">\n\t\t\t\t\t<h1 class=\"elementor-heading-title elementor-size-default\">Nasza oferta: Kompleksowe rozwi\u0105zania 3D dla Twojej marki<\/h1>\t\t\t\t<\/div>\n\t\t\t\t<div class=\"elementor-element elementor-element-e0de061 elementor-widget elementor-widget-text-editor\" data-id=\"e0de061\" data-element_type=\"widget\" data-widget_type=\"text-editor.default\">\n\t\t\t\t\t\t\t\t\tSpecjalizujemy si\u0119 w fotorealistycznych wizualizacjach 3D dla bran\u017cy meblarskiej. Nasza oferta obejmuje kompleksowe us\u0142ugi, od precyzyjnego modelowania 3D i wizualizacji produktowych mebli (packshoty 3D), przez inspiruj\u0105ce aran\u017cacje wn\u0119trz 3D, a\u017c po dynamiczne animacje 3D produkt\u00f3w. Odkryj, jak profesjonalny rendering mebli pomo\u017ce Ci skuteczniej prezentowa\u0107 i sprzedawa\u0107 Twoje kolekcje.\t\t\t\t\t\t\t\t<\/div>\n\t\t\t\t<\/div>\n\t\t\t\t<\/div>\n\t\t<div class=\"elementor-element elementor-element-bbb731e e-con-full e-flex e-con e-parent\" data-id=\"bbb731e\" data-element_type=\"container\" data-settings=\"{&quot;background_background&quot;:&quot;classic&quot;}\">\n\t\t\t\t<div class=\"elementor-element elementor-element-e9002e0 elementor-widget elementor-widget-ucaddon_content_grid2\" data-id=\"e9002e0\" data-element_type=\"widget\" data-widget_type=\"ucaddon_content_grid2.default\">\n\t\t\t\t<div class=\"elementor-widget-container\">\n\t\t\t\t\t\n<!-- start Content Grid -->\n\t\t<link id='font-awesome-css' href='https:\/\/lama3d.com\/wp-content\/plugins\/unlimited-elements-for-elementor-premium\/assets_libraries\/font-awesome6\/fontawesome-all.min.css' type='text\/css' rel='stylesheet' >\n\t\t<link id='font-awesome-4-shim-css' href='https:\/\/lama3d.com\/wp-content\/plugins\/unlimited-elements-for-elementor-premium\/assets_libraries\/font-awesome6\/fontawesome-v4-shims.min.css' type='text\/css' rel='stylesheet' >\n\t\t<link id='fancybox-css' href='https:\/\/lama3d.com\/wp-content\/plugins\/unlimited-elements-for-elementor-premium\/assets_libraries\/fancybox3\/jquery.fancybox.min.css' type='text\/css' rel='stylesheet' >\n\n<style>\/* widget: Content Grid *\/\n\n\n\n#uc_content_grid2_elementor_e9002e0 * {\n\tbox-sizing: border-box;\t\n}\n\n#uc_content_grid2_elementor_e9002e0 .uc_post_grid_style_one_wrap {\n\tdisplay: grid;\n}\n\n#uc_content_grid2_elementor_e9002e0 .uc_post_grid_style_one_image {\n\twidth: 100%;\n\toverflow: hidden;\n\tdisplay: block;  \t\n}\n\n#uc_content_grid2_elementor_e9002e0 .uc_post_image {\n\twidth: 100%;\n\theight: inherit;\n\tbackground-position: center center;\n\tbackground-repeat: no-repeat;\n\tdisplay: block;\n\ttransition: all 0.25s ease-in-out;\n}\n\n#uc_content_grid2_elementor_e9002e0 .ue-image-holder a{\n  display:block;\n}\n\n#uc_content_grid2_elementor_e9002e0 .ue-item{\n  position:relative;\n  overflow:hidden;\n}\n\n#uc_content_grid2_elementor_e9002e0 .ue-item .uc_post_grid_style_one_item_full_item_link{\n  position: absolute;\n  width: 100%;\n  height: 100%;\n  left: 0;\n  top: 0;\n}\n\n#uc_content_grid2_elementor_e9002e0 .ue-item-title{\n  width:100%;\n}\n\n#uc_content_grid2_elementor_e9002e0 .ue-item-text{\n  width:100%;\n}\n\n#uc_content_grid2_elementor_e9002e0 .uc_content{\n  display:flex;\n  flex-direction:column;\n}\n\n#uc_content_grid2_elementor_e9002e0 .ue-content-wrapper{\n  width:100%;\n}\n\n#uc_content_grid2_elementor_e9002e0 .ue-button{\n  margin-top:auto;\n}\n\n#uc_content_grid2_elementor_e9002e0 .ue-button{\n  width:100%;\n}\n\n  #uc_content_grid2_elementor_e9002e0 a.uc_more_btn{\n      align-items: center;\n      justify-content: center;\n      text-align: center;\n      transition: all 0.25s ease-in-out;\n  }\n  \n\n\n\n\n\n\n\n#uc_content_grid2_elementor_e9002e0.uc-remote-parent .ue-item{\n  cursor:pointer;\n}\n\n#uc_content_grid2_elementor_e9002e0 .uc_post_grid_style_one_search_wrap{\n  display: flex;  \n}\n\n#uc_content_grid2_elementor_e9002e0 .uc_post_grid_style_one_search_container{\n  position: relative;\n}\n\n\n#uc_content_grid2_elementor_e9002e0 ::-webkit-input-placeholder { \/* Edge *\/\n  color: #8f8f8f;\n}\n\n#uc_content_grid2_elementor_e9002e0 :-ms-input-placeholder { \/* Internet Explorer 10-11 *\/\n  color: #8f8f8f;\n}\n\n#uc_content_grid2_elementor_e9002e0 ::placeholder {\n  color: #8f8f8f;\n}\n\n#uc_content_grid2_elementor_e9002e0 .uc_post_grid_style_one_next_button_pagination_button{\n      display: none;\n  }\n\n#uc_content_grid2_elementor_e9002e0 .uc_post_grid_style_one_search_icon,\n#uc_content_grid2_elementor_e9002e0 .uc_post_grid_style_one_reset_icon{\n\tposition: absolute;\n  \ttop: 50%;\n    transform: translate(0, -50%);\n    height: 100%;\n  \tdisplay: flex;\n    align-items: center;\n    justify-content: center;\n}\n\n#uc_content_grid2_elementor_e9002e0 .uc_post_grid_style_one_reset_icon{\n  cursor: pointer;\n}\n\n\n\/* pagination *\/\n#uc_content_grid2_elementor_e9002e0 .uc_post_grid_style_one_prev_button_pagination{\n  display: flex;\n  align-items: center;\n}\n\n#uc_content_grid2_elementor_e9002e0 .uc_post_grid_style_one_pagination_button,\n#uc_content_grid2_elementor_e9002e0 .uc_post_grid_style_one_pagination_number{\n  padding: 0;\n  justify-content: center;\n  align-items: center;\n  transition: all .3s ease;\n  margin: 0;\n}\n\n#uc_content_grid2_elementor_e9002e0 .uc_post_grid_style_one_pagination_number:last-child,\n#uc_content_grid2_elementor_e9002e0 .uc_post_grid_style_one_pagination_number:first-child{\n  display: inline-flex;\n  position: relative;\n}\n\n#uc_content_grid2_elementor_e9002e0 .ue-hidden{\n  display: none;\n}\n\n#uc_content_grid2_elementor_e9002e0 .ue-disabled{\n  opacity: .5;\n  pointer-events: none;\n}\n\n#uc_content_grid2_elementor_e9002e0 .uc_post_grid_style_one-link-lightbox{\n  cursor: pointer;\n}\n\n#uc_content_grid2_elementor_e9002e0 .uc_post_grid_style_one_pagination_number.ue-visible{\n  display: inline-flex;\n}\n\n#uc_content_grid2_elementor_e9002e0 .uc_post_grid_style_one_pagination_numbers{\n  display: flex;\n  flex-wrap: wrap;\n}\n\n#uc_content_grid2_elementor_e9002e0 .uc_post_grid_style_one_prev_button_pagination_wrap{\n  display: flex;\n}\n\/* end pagination *\/\n\n\/* lightbox *\/\n\n.fancybox-button,\n.fancybox-button svg path{\t\n  color: ;\n}\n.fancybox-button{\n  background-color: ;\n}\n\n.fancybox-button:hover,\n.fancybox-button:hover svg path{\t\n  color: ;\n}\n.fancybox-button:hover,\n.fancybox-button:focus{\n  background-color: ;\n}\n\n.fancybox-bg{\n  background: ;\n}\n\n.fancybox-is-open .fancybox-bg{\n  opacity: 0.9 !important;\n}\n\n  .fancybox-infobar{\n\tdisplay: none !important;\n  }\n\t\n\n  .fancybox-button--zoom{\n\tdisplay: none !important;\n  }\n\t\n\n  .fancybox-button--play{\n\tdisplay: none !important;\n  }\n\t\n\n  .fancybox-button--thumbs{\n\tdisplay: none !important;\n  }\n\t\n\n  .fancybox-button--close{\n\tdisplay: none !important;\n  }\n\t\n\n  .fancybox-navigation{\n\tdisplay: none !important;\n  }\n\n.fancybox-caption__body{\n  color: ;\n}\n\n\/* end lightbox *\/\n\n<\/style>\n\n<div id=\"uc_content_grid2_elementor_e9002e0\" class=\"uc_post_grid_style_one uc_items\"   data-lightbox=\"false\">\n  \n    \n  <div class=\"uc_post_grid_style_one_wrap uc-items-wrapper\">\n          \n<div class=\"uc_post_grid_style_one_item ue-item\">\n     \n      <div class=\"uc_post_grid_style_one_image ue-image-holder\">\n                    <a class=\"uc_post_grid_style_one-link\" href=\"http:\/\/lama3d.com\/en\/wizualizacje-3d-mebli-packshot\/\" >\n                      \n    <img fetchpriority=\"high\" decoding=\"async\" aria-role=\"img\" alt=\"lama3d_gv003_-Camera2_0001\"  class=\"uc_post_image\" src=\"https:\/\/lama3d.com\/wp-content\/uploads\/2025\/09\/lama3d_gv003_-Camera2_0001-2048x2048.jpg\" width=\"2048\" height=\"2048\" >\n    <\/a>    <\/div>\n    \n  <div class=\"uc_content padding\">\n        \n    <div class=\"ue-content-wrapper\">\n      \n              <a href=\"http:\/\/lama3d.com\/en\/wizualizacje-3d-mebli-packshot\/\" >                \t<h2 class=\"ue-item-title\">3D packshot furniture visualizations<\/h2>\n         <\/a>            \n      <div class=\"ue-item-text\"><p>Photorealistic 3D packshots are replacing traditional product photography. They are perfect for online stores, catalogs, and marketing materials.<\/p><\/div>      \n            \n    <\/div>\n    \n        \t<div class=\"uc_post_grid_style_one_button ue-button\">\n                     <a class=\"uc_more_btn\" href=\"http:\/\/lama3d.com\/en\/wizualizacje-3d-mebli-packshot\/\" >MORE<\/a>\n              \t<\/div>\n        \n  <\/div>\n<\/div>\n\n<div class=\"uc_post_grid_style_one_item ue-item\">\n     \n      <div class=\"uc_post_grid_style_one_image ue-image-holder\">\n                    <a class=\"uc_post_grid_style_one-link\" href=\"http:\/\/lama3d.com\/en\/wizualizacje-mebli-3d-we-wnetrzach\/\" >\n                      \n    <img decoding=\"async\" aria-role=\"img\" alt=\"Minimalist, japandi style interior design of modern living room\"  class=\"uc_post_image\" src=\"https:\/\/lama3d.com\/wp-content\/uploads\/2025\/09\/wizualizacja_sofa_w_aranzacji.jpeg\" width=\"1187\" height=\"923\" >\n    <\/a>    <\/div>\n    \n  <div class=\"uc_content padding\">\n        \n    <div class=\"ue-content-wrapper\">\n      \n              <a href=\"http:\/\/lama3d.com\/en\/wizualizacje-mebli-3d-we-wnetrzach\/\" >                \t<h2 class=\"ue-item-title\">3D furniture visualizations in interiors<\/h2>\n         <\/a>            \n      <div class=\"ue-item-text\"><p data-start=\"654\" data-end=\"871\">We showcase furniture in realistic interior settings that highlight its design and functionality. These visualizations enhance product appeal and effectively engage customers.<\/p><\/div>      \n            \n    <\/div>\n    \n        \t<div class=\"uc_post_grid_style_one_button ue-button\">\n                     <a class=\"uc_more_btn\" href=\"http:\/\/lama3d.com\/en\/wizualizacje-mebli-3d-we-wnetrzach\/\" >MORE<\/a>\n              \t<\/div>\n        \n  <\/div>\n<\/div>\n\n<div class=\"uc_post_grid_style_one_item ue-item\">\n     \n      <div class=\"uc_post_grid_style_one_image ue-image-holder\">\n                    <a class=\"uc_post_grid_style_one-link\" href=\"http:\/\/lama3d.com\/en\/modelowanie-mebli-3d\/\" >\n                      \n    <img decoding=\"async\" aria-role=\"img\" alt=\"fotel_siatka_gv003_-Camera2_0199\"  class=\"uc_post_image\" src=\"https:\/\/lama3d.com\/wp-content\/uploads\/2025\/09\/fotel_siatka_gv003_-Camera2_0199-2048x2048.jpg\" width=\"2048\" height=\"2048\" >\n    <\/a>    <\/div>\n    \n  <div class=\"uc_content padding\">\n        \n    <div class=\"ue-content-wrapper\">\n      \n              <a href=\"http:\/\/lama3d.com\/en\/modelowanie-mebli-3d\/\" >                \t<h2 class=\"ue-item-title\">3D furniture modeling<\/h2>\n         <\/a>            \n      <div class=\"ue-item-text\"><p>We create precise 3D furniture models based on technical drawings or photos. With meticulous detailing, your products gain a professional look for both online and print catalogs.<\/p><\/div>      \n            \n    <\/div>\n    \n        \t<div class=\"uc_post_grid_style_one_button ue-button\">\n                     <a class=\"uc_more_btn\" href=\"http:\/\/lama3d.com\/en\/modelowanie-mebli-3d\/\" >MORE<\/a>\n              \t<\/div>\n        \n  <\/div>\n<\/div>\n\n      <\/div>  \n    \n<\/div>\n<!-- end Content Grid -->\t\t\t\t<\/div>\n\t\t\t\t<\/div>\n\t\t\t\t<\/div>\n\t\t<div class=\"elementor-element elementor-element-a5a68fa e-flex e-con-boxed e-con e-parent\" data-id=\"a5a68fa\" data-element_type=\"container\">\n\t\t\t\t\t<div class=\"e-con-inner\">\n\t\t\t\t<div class=\"elementor-element elementor-element-d38e7e0 elementor-widget elementor-widget-spacer\" data-id=\"d38e7e0\" data-element_type=\"widget\" data-widget_type=\"spacer.default\">\n\t\t\t\t\t\t\t<div class=\"elementor-spacer\">\n\t\t\t<div class=\"elementor-spacer-inner\"><\/div>\n\t\t<\/div>\n\t\t\t\t\t\t<\/div>\n\t\t\t\t\t<\/div>\n\t\t\t\t<\/div>\n\t\t\t\t<\/div>","protected":false},"excerpt":{"rendered":"<p>Nasza oferta: Kompleksowe rozwi\u0105zania 3D dla Twojej marki Specjalizujemy si\u0119 w fotorealistycznych wizualizacjach 3D dla bran\u017cy meblarskiej. Nasza oferta obejmuje kompleksowe us\u0142ugi, od precyzyjnego modelowania 3D i wizualizacji produktowych mebli (packshoty 3D), przez inspiruj\u0105ce aran\u017cacje wn\u0119trz 3D, a\u017c po dynamiczne animacje 3D produkt\u00f3w. Odkryj, jak profesjonalny rendering mebli pomo\u017ce Ci skuteczniej prezentowa\u0107 i sprzedawa\u0107 Twoje [&hellip;]<\/p>","protected":false},"author":1,"featured_media":0,"parent":0,"menu_order":0,"comment_status":"closed","ping_status":"closed","template":"","meta":{"footnotes":""},"class_list":["post-881","page","type-page","status-publish","hentry"],"yoast_head":"<!-- This site is optimized with the Yoast SEO plugin v25.9 - https:\/\/yoast.com\/wordpress\/plugins\/seo\/ -->\n<title>Oferta | Wizualizacje 3D Mebli<\/title>\n<meta name=\"description\" content=\"Profesjonalne wizualizacje 3D dla bran\u017cy meblarskiej. Oferujemy fotorealistyczne packshoty produktowe, aran\u017cacje wn\u0119trz 3D i animacje. Sprawd\u017a ofert\u0119!\" \/>\n<meta name=\"robots\" content=\"index, follow, max-snippet:-1, max-image-preview:large, max-video-preview:-1\" \/>\n<link rel=\"canonical\" href=\"https:\/\/lama3d.com\/en\/oferta\/\" \/>\n<meta property=\"og:locale\" content=\"en_US\" \/>\n<meta property=\"og:type\" content=\"article\" \/>\n<meta property=\"og:title\" content=\"Oferta | Wizualizacje 3D Mebli\" \/>\n<meta property=\"og:description\" content=\"Profesjonalne wizualizacje 3D dla bran\u017cy meblarskiej. Oferujemy fotorealistyczne packshoty produktowe, aran\u017cacje wn\u0119trz 3D i animacje. Sprawd\u017a ofert\u0119!\" \/>\n<meta property=\"og:url\" content=\"https:\/\/lama3d.com\/en\/oferta\/\" \/>\n<meta property=\"og:site_name\" content=\"Lama3d\" \/>\n<meta property=\"article:modified_time\" content=\"2025-09-24T18:45:13+00:00\" \/>\n<meta property=\"og:image\" content=\"https:\/\/lama3d.com\/wp-content\/uploads\/2025\/09\/lama3d_gv003_-Camera2_0001-2048x2048.jpg\" \/>\n<meta name=\"twitter:card\" content=\"summary_large_image\" \/>\n<meta name=\"twitter:label1\" content=\"Est. reading time\" \/>\n\t<meta name=\"twitter:data1\" content=\"2 minutes\" \/>\n<script type=\"application\/ld+json\" class=\"yoast-schema-graph\">{\"@context\":\"https:\/\/schema.org\",\"@graph\":[{\"@type\":\"WebPage\",\"@id\":\"https:\/\/lama3d.com\/oferta\/\",\"url\":\"https:\/\/lama3d.com\/oferta\/\",\"name\":\"Oferta | Wizualizacje 3D Mebli\",\"isPartOf\":{\"@id\":\"https:\/\/lama3d.com\/#website\"},\"primaryImageOfPage\":{\"@id\":\"https:\/\/lama3d.com\/oferta\/#primaryimage\"},\"image\":{\"@id\":\"https:\/\/lama3d.com\/oferta\/#primaryimage\"},\"thumbnailUrl\":\"https:\/\/lama3d.com\/wp-content\/uploads\/2025\/09\/lama3d_gv003_-Camera2_0001-2048x2048.jpg\",\"datePublished\":\"2025-09-24T18:35:56+00:00\",\"dateModified\":\"2025-09-24T18:45:13+00:00\",\"description\":\"Profesjonalne wizualizacje 3D dla bran\u017cy meblarskiej. Oferujemy fotorealistyczne packshoty produktowe, aran\u017cacje wn\u0119trz 3D i animacje. Sprawd\u017a ofert\u0119!\",\"breadcrumb\":{\"@id\":\"https:\/\/lama3d.com\/oferta\/#breadcrumb\"},\"inLanguage\":\"en-US\",\"potentialAction\":[{\"@type\":\"ReadAction\",\"target\":[\"https:\/\/lama3d.com\/oferta\/\"]}]},{\"@type\":\"ImageObject\",\"inLanguage\":\"en-US\",\"@id\":\"https:\/\/lama3d.com\/oferta\/#primaryimage\",\"url\":\"https:\/\/lama3d.com\/wp-content\/uploads\/2025\/09\/lama3d_gv003_-Camera2_0001-2048x2048.jpg\",\"contentUrl\":\"https:\/\/lama3d.com\/wp-content\/uploads\/2025\/09\/lama3d_gv003_-Camera2_0001-2048x2048.jpg\"},{\"@type\":\"BreadcrumbList\",\"@id\":\"https:\/\/lama3d.com\/oferta\/#breadcrumb\",\"itemListElement\":[{\"@type\":\"ListItem\",\"position\":1,\"name\":\"Strona g\u0142\u00f3wna\",\"item\":\"https:\/\/lama3d.com\/\"},{\"@type\":\"ListItem\",\"position\":2,\"name\":\"Oferta\"}]},{\"@type\":\"WebSite\",\"@id\":\"https:\/\/lama3d.com\/#website\",\"url\":\"https:\/\/lama3d.com\/\",\"name\":\"Lama3d\",\"description\":\"\",\"publisher\":{\"@id\":\"https:\/\/lama3d.com\/#organization\"},\"potentialAction\":[{\"@type\":\"SearchAction\",\"target\":{\"@type\":\"EntryPoint\",\"urlTemplate\":\"https:\/\/lama3d.com\/?s={search_term_string}\"},\"query-input\":{\"@type\":\"PropertyValueSpecification\",\"valueRequired\":true,\"valueName\":\"search_term_string\"}}],\"inLanguage\":\"en-US\"},{\"@type\":\"Organization\",\"@id\":\"https:\/\/lama3d.com\/#organization\",\"name\":\"Lama3d\",\"url\":\"https:\/\/lama3d.com\/\",\"logo\":{\"@type\":\"ImageObject\",\"inLanguage\":\"en-US\",\"@id\":\"https:\/\/lama3d.com\/#\/schema\/logo\/image\/\",\"url\":\"https:\/\/lama3d.com\/wp-content\/uploads\/2025\/07\/lama3d_new.png\",\"contentUrl\":\"https:\/\/lama3d.com\/wp-content\/uploads\/2025\/07\/lama3d_new.png\",\"width\":593,\"height\":117,\"caption\":\"Lama3d\"},\"image\":{\"@id\":\"https:\/\/lama3d.com\/#\/schema\/logo\/image\/\"}}]}<\/script>\n<!-- \/ Yoast SEO plugin. -->","yoast_head_json":{"title":"Oferta | Wizualizacje 3D Mebli","description":"Profesjonalne wizualizacje 3D dla bran\u017cy meblarskiej. Oferujemy fotorealistyczne packshoty produktowe, aran\u017cacje wn\u0119trz 3D i animacje. Sprawd\u017a ofert\u0119!","robots":{"index":"index","follow":"follow","max-snippet":"max-snippet:-1","max-image-preview":"max-image-preview:large","max-video-preview":"max-video-preview:-1"},"canonical":"https:\/\/lama3d.com\/en\/oferta\/","og_locale":"en_US","og_type":"article","og_title":"Oferta | Wizualizacje 3D Mebli","og_description":"Profesjonalne wizualizacje 3D dla bran\u017cy meblarskiej. Oferujemy fotorealistyczne packshoty produktowe, aran\u017cacje wn\u0119trz 3D i animacje. Sprawd\u017a ofert\u0119!","og_url":"https:\/\/lama3d.com\/en\/oferta\/","og_site_name":"Lama3d","article_modified_time":"2025-09-24T18:45:13+00:00","og_image":[{"url":"https:\/\/lama3d.com\/wp-content\/uploads\/2025\/09\/lama3d_gv003_-Camera2_0001-2048x2048.jpg","type":"","width":"","height":""}],"twitter_card":"summary_large_image","twitter_misc":{"Est. reading time":"2 minutes"},"schema":{"@context":"https:\/\/schema.org","@graph":[{"@type":"WebPage","@id":"https:\/\/lama3d.com\/oferta\/","url":"https:\/\/lama3d.com\/oferta\/","name":"Oferta | Wizualizacje 3D Mebli","isPartOf":{"@id":"https:\/\/lama3d.com\/#website"},"primaryImageOfPage":{"@id":"https:\/\/lama3d.com\/oferta\/#primaryimage"},"image":{"@id":"https:\/\/lama3d.com\/oferta\/#primaryimage"},"thumbnailUrl":"https:\/\/lama3d.com\/wp-content\/uploads\/2025\/09\/lama3d_gv003_-Camera2_0001-2048x2048.jpg","datePublished":"2025-09-24T18:35:56+00:00","dateModified":"2025-09-24T18:45:13+00:00","description":"Profesjonalne wizualizacje 3D dla bran\u017cy meblarskiej. Oferujemy fotorealistyczne packshoty produktowe, aran\u017cacje wn\u0119trz 3D i animacje. Sprawd\u017a ofert\u0119!","breadcrumb":{"@id":"https:\/\/lama3d.com\/oferta\/#breadcrumb"},"inLanguage":"en-US","potentialAction":[{"@type":"ReadAction","target":["https:\/\/lama3d.com\/oferta\/"]}]},{"@type":"ImageObject","inLanguage":"en-US","@id":"https:\/\/lama3d.com\/oferta\/#primaryimage","url":"https:\/\/lama3d.com\/wp-content\/uploads\/2025\/09\/lama3d_gv003_-Camera2_0001-2048x2048.jpg","contentUrl":"https:\/\/lama3d.com\/wp-content\/uploads\/2025\/09\/lama3d_gv003_-Camera2_0001-2048x2048.jpg"},{"@type":"BreadcrumbList","@id":"https:\/\/lama3d.com\/oferta\/#breadcrumb","itemListElement":[{"@type":"ListItem","position":1,"name":"Strona g\u0142\u00f3wna","item":"https:\/\/lama3d.com\/"},{"@type":"ListItem","position":2,"name":"Oferta"}]},{"@type":"WebSite","@id":"https:\/\/lama3d.com\/#website","url":"https:\/\/lama3d.com\/","name":"Lama3d","description":"","publisher":{"@id":"https:\/\/lama3d.com\/#organization"},"potentialAction":[{"@type":"SearchAction","target":{"@type":"EntryPoint","urlTemplate":"https:\/\/lama3d.com\/?s={search_term_string}"},"query-input":{"@type":"PropertyValueSpecification","valueRequired":true,"valueName":"search_term_string"}}],"inLanguage":"en-US"},{"@type":"Organization","@id":"https:\/\/lama3d.com\/#organization","name":"Lama3d","url":"https:\/\/lama3d.com\/","logo":{"@type":"ImageObject","inLanguage":"en-US","@id":"https:\/\/lama3d.com\/#\/schema\/logo\/image\/","url":"https:\/\/lama3d.com\/wp-content\/uploads\/2025\/07\/lama3d_new.png","contentUrl":"https:\/\/lama3d.com\/wp-content\/uploads\/2025\/07\/lama3d_new.png","width":593,"height":117,"caption":"Lama3d"},"image":{"@id":"https:\/\/lama3d.com\/#\/schema\/logo\/image\/"}}]}},"_links":{"self":[{"href":"https:\/\/lama3d.com\/en\/wp-json\/wp\/v2\/pages\/881","targetHints":{"allow":["GET"]}}],"collection":[{"href":"https:\/\/lama3d.com\/en\/wp-json\/wp\/v2\/pages"}],"about":[{"href":"https:\/\/lama3d.com\/en\/wp-json\/wp\/v2\/types\/page"}],"author":[{"embeddable":true,"href":"https:\/\/lama3d.com\/en\/wp-json\/wp\/v2\/users\/1"}],"replies":[{"embeddable":true,"href":"https:\/\/lama3d.com\/en\/wp-json\/wp\/v2\/comments?post=881"}],"version-history":[{"count":7,"href":"https:\/\/lama3d.com\/en\/wp-json\/wp\/v2\/pages\/881\/revisions"}],"predecessor-version":[{"id":889,"href":"https:\/\/lama3d.com\/en\/wp-json\/wp\/v2\/pages\/881\/revisions\/889"}],"wp:attachment":[{"href":"https:\/\/lama3d.com\/en\/wp-json\/wp\/v2\/media?parent=881"}],"curies":[{"name":"wp","href":"https:\/\/api.w.org\/{rel}","templated":true}]}}